{"id":1394,"date":"2022-06-27T13:04:37","date_gmt":"2022-06-27T13:04:37","guid":{"rendered":"https:\/\/werktreue.de\/wp\/?page_id=1394"},"modified":"2023-05-26T19:53:16","modified_gmt":"2023-05-26T19:53:16","slug":"bluebeard","status":"publish","type":"page","link":"https:\/\/werktreue.de\/wp\/portfolio\/installation\/bluebeard\/","title":{"rendered":"Bluebeard"},"content":{"rendered":"<p>Zeitgem\u00e4\u00dfe Adaption des M\u00e4rchens von Blaubart. W\u00e4hrend Bluebeard zu ihr eilt, fragt sich die junge Frau aus dem Off, ob er der richtige Mann f\u00fcr sie sei.<br \/>\n&#8222;Are you the right man for me?<br \/>\nAre you safe? Are you my friend?<br \/>\nOr are you toxic for me?<br \/>\nWill you betray my confidence?<\/p>\n<p>&#8222;Bluebeard&#8220; &#8211; Computeranimation \/ Videoinstallation \/ Skulptur<br \/>\nMusik: Cocteau Twins &#8211; Bluebeard (acoustic version)<br \/>\nL\u00e4nge ca. 4:12 (Loop)<br \/>\nEntstehungsjahr: 2022<\/p>\nngg_shortcode_0_placeholder\n<p><iframe loading=\"lazy\" title=\"Bluebeard\" width=\"625\" height=\"352\" src=\"https:\/\/www.youtube.com\/embed\/xddyENE6Xfw?feature=oembed\" frameborder=\"0\" allow=\"accelerometer; autoplay; clipboard-write; encrypted-media; gyroscope; picture-in-picture; web-share\" referrerpolicy=\"strict-origin-when-cross-origin\" allowfullscreen><\/iframe><\/p>\n","protected":false},"excerpt":{"rendered":"<p>Zeitgem\u00e4\u00dfe Adaption des M\u00e4rchens von Blaubart. W\u00e4hrend Bluebeard zu ihr eilt, fragt sich die junge Frau aus dem Off, ob er der richtige Mann f\u00fcr sie sei. &#8222;Are you the right man for me? Are you safe? Are you my friend? Or are you toxic for me? Will you betray my confidence? &#8222;Bluebeard&#8220; &#8211; Computeranimation [&hellip;]<\/p>\n","protected":false},"author":3,"featured_media":0,"parent":366,"menu_order":15,"comment_status":"open","ping_status":"closed","template":"","meta":{"ngg_post_thumbnail":0,"footnotes":""},"class_list":["post-1394","page","type-page","status-publish","hentry"],"featured_image_src":null,"_links":{"self":[{"href":"https:\/\/werktreue.de\/wp\/wp-json\/wp\/v2\/pages\/1394","targetHints":{"allow":["GET"]}}],"collection":[{"href":"https:\/\/werktreue.de\/wp\/wp-json\/wp\/v2\/pages"}],"about":[{"href":"https:\/\/werktreue.de\/wp\/wp-json\/wp\/v2\/types\/page"}],"author":[{"embeddable":true,"href":"https:\/\/werktreue.de\/wp\/wp-json\/wp\/v2\/users\/3"}],"replies":[{"embeddable":true,"href":"https:\/\/werktreue.de\/wp\/wp-json\/wp\/v2\/comments?post=1394"}],"version-history":[{"count":8,"href":"https:\/\/werktreue.de\/wp\/wp-json\/wp\/v2\/pages\/1394\/revisions"}],"predecessor-version":[{"id":1495,"href":"https:\/\/werktreue.de\/wp\/wp-json\/wp\/v2\/pages\/1394\/revisions\/1495"}],"up":[{"embeddable":true,"href":"https:\/\/werktreue.de\/wp\/wp-json\/wp\/v2\/pages\/366"}],"wp:attachment":[{"href":"https:\/\/werktreue.de\/wp\/wp-json\/wp\/v2\/media?parent=1394"}],"curies":[{"name":"wp","href":"https:\/\/api.w.org\/{rel}","templated":true}]}}