{"id":348,"date":"2012-05-09T23:23:47","date_gmt":"2012-05-09T23:23:47","guid":{"rendered":"http:\/\/werktreue.de\/wp\/?page_id=348"},"modified":"2022-03-22T10:20:42","modified_gmt":"2022-03-22T10:20:42","slug":"missing-memories","status":"publish","type":"page","link":"https:\/\/werktreue.de\/wp\/portfolio\/foto\/missing-memories\/","title":{"rendered":"Fading memories"},"content":{"rendered":"<p>Digitaldruck, je 90x60cm<\/p>\n<p>Eine Serie inszenierter Portraitfotos, die den Eindruck erwecken, spontan und eher beil\u00e4ufig entstanden zu sein. Man sieht Personen in Nahaufnahmen, die alle eine Gesichtsverletzung aufweisen. Manche Verletzungen sind frisch, manche \u00e4lter. Ausdruck und Ambiente geben keine Hinweise, wie oder wo die Verletzung entstanden sein k\u00f6nnte. Die Portraitierten blicken meist frontal in die Kamera, als erwarteten sie vom Betrachter Aufkl\u00e4rung \u00fcber das Geschehene.<\/p>\n<p>Entstehungsjahr: 2012<\/p>\n<p>&nbsp;<\/p>\nngg_shortcode_0_placeholder\n","protected":false},"excerpt":{"rendered":"<p>Digitaldruck, je 90x60cm Eine Serie inszenierter Portraitfotos, die den Eindruck erwecken, spontan und eher beil\u00e4ufig entstanden zu sein. Man sieht Personen in Nahaufnahmen, die alle eine Gesichtsverletzung aufweisen. Manche Verletzungen sind frisch, manche \u00e4lter. Ausdruck und Ambiente geben keine Hinweise, wie oder wo die Verletzung entstanden sein k\u00f6nnte. Die Portraitierten blicken meist frontal in die [&hellip;]<\/p>\n","protected":false},"author":3,"featured_media":0,"parent":370,"menu_order":5,"comment_status":"open","ping_status":"closed","template":"","meta":{"ngg_post_thumbnail":0,"footnotes":""},"class_list":["post-348","page","type-page","status-publish","hentry"],"featured_image_src":null,"_links":{"self":[{"href":"https:\/\/werktreue.de\/wp\/wp-json\/wp\/v2\/pages\/348","targetHints":{"allow":["GET"]}}],"collection":[{"href":"https:\/\/werktreue.de\/wp\/wp-json\/wp\/v2\/pages"}],"about":[{"href":"https:\/\/werktreue.de\/wp\/wp-json\/wp\/v2\/types\/page"}],"author":[{"embeddable":true,"href":"https:\/\/werktreue.de\/wp\/wp-json\/wp\/v2\/users\/3"}],"replies":[{"embeddable":true,"href":"https:\/\/werktreue.de\/wp\/wp-json\/wp\/v2\/comments?post=348"}],"version-history":[{"count":17,"href":"https:\/\/werktreue.de\/wp\/wp-json\/wp\/v2\/pages\/348\/revisions"}],"predecessor-version":[{"id":1080,"href":"https:\/\/werktreue.de\/wp\/wp-json\/wp\/v2\/pages\/348\/revisions\/1080"}],"up":[{"embeddable":true,"href":"https:\/\/werktreue.de\/wp\/wp-json\/wp\/v2\/pages\/370"}],"wp:attachment":[{"href":"https:\/\/werktreue.de\/wp\/wp-json\/wp\/v2\/media?parent=348"}],"curies":[{"name":"wp","href":"https:\/\/api.w.org\/{rel}","templated":true}]}}